{"id":107,"date":"2025-10-04T00:30:28","date_gmt":"2025-10-03T22:30:28","guid":{"rendered":"https:\/\/monafassa.com\/monafassa\/?page_id=107"},"modified":"2026-02-09T12:41:07","modified_gmt":"2026-02-09T11:41:07","slug":"acceuil","status":"publish","type":"page","link":"https:\/\/monafassa.com\/monafassa\/","title":{"rendered":"Acceuil"},"content":{"rendered":"\n<div class=\"wp-block-columns alignwide is-layout-flex wp-container-core-columns-is-layout-d2da2050 wp-block-columns-is-layout-flex\" style=\"margin-bottom:0\">\n<div class=\"wp-block-column has-text-color has-background has-link-color wp-elements-404cc9d06634178a9f72917e32dcfee4 is-layout-flow wp-block-column-is-layout-flow\" style=\"color:#000000;background-color:#ffe97d;padding-top:2em;padding-right:2em;padding-bottom:2em;padding-left:2em\">\n<h1 class=\"wp-block-heading has-text-align-center\" id=\"family\" style=\"font-size: 45px; color: #B50C0F; text-align: center;\"><strong><em>\u00c9l\u00e8ves<\/em><\/strong><\/h1>\n\n\n\n<p class=\"has-normal-font-size\" style=\"line-height:1.5\"><strong>Contribuez \u00e0 notre communaut\u00e9.<\/strong><\/p>\n\n\n\n<hr class=\"wp-block-separator has-text-color has-css-opacity has-background is-style-wide\" style=\"background-color:#000000;color:#000000\"\/>\n\n\n\n<ul class=\"wp-block-list has-normal-font-size\">\n<li><a href=\"https:\/\/monafassa.com\/monafassa\/jentends-et-japprends-de-nouveaux-motsmots\/\" data-type=\"page\" data-id=\"114\"><strong>1- J\u2019entends et j\u2019apprends de<\/strong><strong> nouveaux mots<\/strong><\/a><\/li>\n\n\n\n<li><strong><a href=\"https:\/\/monafassa.com\/monafassa\/jecoute-et-je-repete-de-nouveaux-mots\/\" data-type=\"page\" data-id=\"120\">2- J\u2019\u00e9coute et je r\u00e9p\u00e8te de nouveaux mots<\/a><\/strong><\/li>\n\n\n\n<li><strong><a href=\"https:\/\/monafassa.com\/monafassa\/je-lis-je-dis\/\" data-type=\"page\" data-id=\"122\">3- Je lis\u2026 je dis<\/a><\/strong><a href=\"https:\/\/www.autonome-solidarite.fr\/articles\/jean-marc-merriaux-la-culture-du-numerique-est-un-enjeu-de-citoyennete\/\"><\/a><a href=\"https:\/\/www.autonome-solidarite.fr\/articles\/jean-marc-merriaux-la-culture-du-numerique-est-un-enjeu-de-citoyennete\/\"><\/a><\/li>\n<\/ul>\n\n\n\n<div class=\"wp-block-buttons alignfull is-horizontal is-content-justification-center is-layout-flex wp-container-core-buttons-is-layout-03627597 wp-block-buttons-is-layout-flex\">\n<div class=\"wp-block-button has-custom-width wp-block-button__width-100\"><a class=\"wp-block-button__link has-white-color has-text-color has-background no-border-radius wp-element-button\" href=\"https:\/\/monafassa.com\/monafassa\/soutien-etale-6ap\/\" style=\"background-color:#0D24D5\"><strong>Soutien \u00e9tal\u00e9(6 AP )<\/strong><\/a><\/div>\n<\/div>\n<\/div>\n\n\n\n<div class=\"wp-block-column has-text-color has-background has-link-color wp-elements-e4930f04f1950bfdf2f75a19718a608e is-layout-flow wp-block-column-is-layout-flow\" style=\"color:#000000;background-color:#d1d1e1;padding-top:2em;padding-right:2em;padding-bottom:2em;padding-left:2em\">\n<h1 class=\"wp-block-heading has-text-align-center\" id=\"family\" style=\"font-size:45px; color: #B50C0F\"><strong><B><\/B>Activit\u00e9s \u00e0 faire<\/strong><\/h1>\n\n\n\n<p class=\"has-normal-font-size\" style=\"line-height:1.5\"><strong>Les graph\u00e8mes complexes<\/strong><\/p>\n\n\n\n<hr class=\"wp-block-separator has-css-opacity is-style-wide\"\/>\n\n\n\n<ul class=\"wp-block-list has-normal-font-size\">\n<li>L<a href=\"https:\/\/monafassa.com\/monafassa\/graphemes\/\" data-type=\"page\" data-id=\"133\">ire et \u00e9crire des mots avec : <span style=\"background-color: rgba(180, 7, 10, 0.2); color: rgb(180, 7, 10); font-family: Verdana, Helvetica, Arial, sans-serif; font-size: 0.9rem;\">fr-tr-gr-vr<\/span><\/a><\/li>\n\n\n\n<li><a href=\"https:\/\/monafassa.com\/monafassa\/graphemes\/\" data-type=\"page\" data-id=\"133\">Lire et \u00e9crire des mots avec :<span style=\"background-color: rgba(180, 7, 10, 0.2); color: rgb(180, 7, 10); font-family: Verdana, Helvetica, Arial, sans-serif; font-size: 0.9rem;\">an-am-ian<\/span><\/a><\/li>\n\n\n\n<li><a href=\"https:\/\/monafassa.com\/monafassa\/graphemes\/\" data-type=\"page\" data-id=\"133\">Lire et \u00e9crire des mots avec : <span style=\"background-color: rgba(180, 7, 10, 0.2); color: rgb(180, 7, 10); font-family: Verdana, Helvetica, Arial, sans-serif; font-size: 0.9rem;\">on-om-ion<\/span><\/a><\/li>\n<\/ul>\n\n\n\n<div class=\"wp-block-buttons alignfull is-horizontal is-content-justification-center is-layout-flex wp-container-core-buttons-is-layout-03627597 wp-block-buttons-is-layout-flex\">\n<div class=\"wp-block-button has-custom-width wp-block-button__width-100 is-style-fill\"><a class=\"wp-block-button__link has-white-color has-text-color has-background no-border-radius wp-element-button\" style=\"background-color:#000000\"> <strong>\u0644\u0627\u062d\u0642\u0627<\/strong><\/a><\/div>\n<\/div>\n<\/div>\n\n\n\n<div class=\"wp-block-column has-text-color has-background has-link-color wp-elements-87938a0e751638c41b628ce04632221a is-layout-flow wp-block-column-is-layout-flow\" style=\"color:#000000;background-color:#c0ebf1;padding-top:2em;padding-right:2em;padding-bottom:2em;padding-left:2em\">\n<h1 class=\"wp-block-heading has-text-align-center\" id=\"family\" style=\"font-size: 35px; color: #B50C0F; text-align: center;\"><strong><em>Le num\u00e9rique \u00e0 l&rsquo;\u00c9cole<\/em><\/strong><\/h1>\n\n\n\n<p class=\"has-normal-font-size\"><strong>Soutenez-nous encore plus.<\/strong><\/p>\n\n\n\n<hr class=\"wp-block-separator has-css-opacity is-style-wide\"\/>\n\n\n\n<ul class=\"wp-block-list has-normal-font-size\">\n<li>Laissez-pass \u00e0 usage unique <strong><em>num\u00e9rique<\/em><\/strong><\/li>\n\n\n\n<li>Cinq billets temporaires<\/li>\n\n\n\n<li>Membres pour tout le monde<\/li>\n<\/ul>\n\n\n\n<div class=\"wp-block-buttons alignfull is-horizontal is-content-justification-center is-layout-flex wp-container-core-buttons-is-layout-03627597 wp-block-buttons-is-layout-flex\">\n<div class=\"wp-block-button has-custom-width wp-block-button__width-100\"><a class=\"wp-block-button__link has-white-color has-text-color has-background no-border-radius wp-element-button\" style=\"background-color:#000000\"><strong> \u0644\u0627\u062d\u0642\u0627<\/strong><\/a><\/div>\n<\/div>\n<\/div>\n<\/div>\n\n\n\n<p><\/p>\n","protected":false},"excerpt":{"rendered":"<p>\u00c9l\u00e8ves Contribuez \u00e0 notre communaut\u00e9. Activit\u00e9s \u00e0 faire Les graph\u00e8mes complexes Le num\u00e9rique \u00e0 l&rsquo;\u00c9cole Soutenez-nous encore plus.<\/p>\n","protected":false},"author":1,"featured_media":0,"parent":0,"menu_order":0,"comment_status":"closed","ping_status":"closed","template":"","meta":{"site-sidebar-layout":"default","site-content-layout":"","ast-site-content-layout":"default","site-content-style":"default","site-sidebar-style":"default","ast-global-header-display":"","ast-banner-title-visibility":"","ast-main-header-display":"","ast-hfb-above-header-display":"","ast-hfb-below-header-display":"","ast-hfb-mobile-header-display":"","site-post-title":"","ast-breadcrumbs-content":"","ast-featured-img":"","footer-sml-layout":"","ast-disable-related-posts":"","theme-transparent-header-meta":"","adv-header-id-meta":"","stick-header-meta":"","header-above-stick-meta":"","header-main-stick-meta":"","header-below-stick-meta":"","astra-migrate-meta-layouts":"default","ast-page-background-enabled":"default","ast-page-background-meta":{"desktop":{"background-color":"var(--ast-global-color-5)","background-image":"","background-repeat":"repeat","background-position":"center center","background-size":"auto","background-attachment":"scroll","background-type":"","background-media":"","overlay-type":"","overlay-color":"","overlay-opacity":"","overlay-gradient":""},"tablet":{"background-color":"","background-image":"","background-repeat":"repeat","background-position":"center center","background-size":"auto","background-attachment":"scroll","background-type":"","background-media":"","overlay-type":"","overlay-color":"","overlay-opacity":"","overlay-gradient":""},"mobile":{"background-color":"","background-image":"","background-repeat":"repeat","background-position":"center center","background-size":"auto","background-attachment":"scroll","background-type":"","background-media":"","overlay-type":"","overlay-color":"","overlay-opacity":"","overlay-gradient":""}},"ast-content-background-meta":{"desktop":{"background-color":"var(--ast-global-color-4)","background-image":"","background-repeat":"repeat","background-position":"center center","background-size":"auto","background-attachment":"scroll","background-type":"","background-media":"","overlay-type":"","overlay-color":"","overlay-opacity":"","overlay-gradient":""},"tablet":{"background-color":"var(--ast-global-color-4)","background-image":"","background-repeat":"repeat","background-position":"center center","background-size":"auto","background-attachment":"scroll","background-type":"","background-media":"","overlay-type":"","overlay-color":"","overlay-opacity":"","overlay-gradient":""},"mobile":{"background-color":"var(--ast-global-color-4)","background-image":"","background-repeat":"repeat","background-position":"center center","background-size":"auto","background-attachment":"scroll","background-type":"","background-media":"","overlay-type":"","overlay-color":"","overlay-opacity":"","overlay-gradient":""}},"footnotes":""},"class_list":["post-107","page","type-page","status-publish","hentry"],"_links":{"self":[{"href":"https:\/\/monafassa.com\/monafassa\/wp-json\/wp\/v2\/pages\/107","targetHints":{"allow":["GET"]}}],"collection":[{"href":"https:\/\/monafassa.com\/monafassa\/wp-json\/wp\/v2\/pages"}],"about":[{"href":"https:\/\/monafassa.com\/monafassa\/wp-json\/wp\/v2\/types\/page"}],"author":[{"embeddable":true,"href":"https:\/\/monafassa.com\/monafassa\/wp-json\/wp\/v2\/users\/1"}],"replies":[{"embeddable":true,"href":"https:\/\/monafassa.com\/monafassa\/wp-json\/wp\/v2\/comments?post=107"}],"version-history":[{"count":22,"href":"https:\/\/monafassa.com\/monafassa\/wp-json\/wp\/v2\/pages\/107\/revisions"}],"predecessor-version":[{"id":185,"href":"https:\/\/monafassa.com\/monafassa\/wp-json\/wp\/v2\/pages\/107\/revisions\/185"}],"wp:attachment":[{"href":"https:\/\/monafassa.com\/monafassa\/wp-json\/wp\/v2\/media?parent=107"}],"curies":[{"name":"wp","href":"https:\/\/api.w.org\/{rel}","templated":true}]}}